{"id":6125,"date":"2024-09-30T11:40:45","date_gmt":"2024-09-30T09:40:45","guid":{"rendered":"https:\/\/diamexmastergroomer.com\/?page_id=6125"},"modified":"2026-02-02T16:13:10","modified_gmt":"2026-02-02T15:13:10","slug":"confirmation-inscription-event","status":"publish","type":"page","link":"https:\/\/diamexmastergroomer.com\/en\/confirmation-inscription-event\/","title":{"rendered":"Confirmation"},"content":{"rendered":"<style>.elementor-6125 .elementor-element.elementor-element-3d671f3{--display:flex;--flex-direction:column;--container-widget-width:100%;--container-widget-height:initial;--container-widget-flex-grow:0;--container-widget-align-self:initial;--flex-wrap-mobile:wrap;}<\/style>\t\t<div data-elementor-type=\"wp-page\" data-elementor-id=\"6125\" class=\"elementor elementor-6125\">\n\t\t\t\t<div class=\"elementor-element elementor-element-3d671f3 e-flex e-con-boxed e-con e-parent\" data-id=\"3d671f3\" data-element_type=\"container\">\n\t\t\t\t\t<div class=\"e-con-inner\">\n\t\t\t\t<div class=\"elementor-element elementor-element-f1c398f elementor-widget elementor-widget-heading\" data-id=\"f1c398f\" data-element_type=\"widget\" data-widget_type=\"heading.default\">\n\t\t\t\t<div class=\"elementor-widget-container\">\n\t\t\t\t\t<h2 class=\"elementor-heading-title elementor-size-default\">Thank you very much for registering!<\/h2>\t\t\t\t<\/div>\n\t\t\t\t<\/div>\n\t\t\t\t<div class=\"elementor-element elementor-element-0202f30 elementor-widget elementor-widget-text-editor\" data-id=\"0202f30\" data-element_type=\"widget\" data-widget_type=\"text-editor.default\">\n\t\t\t\t<div class=\"elementor-widget-container\">\n\t\t\t\t\t\t\t\t\t<p>We have successfully received your registration form and appreciate your interest in our event.<\/p><p>Please note that registrations are processed from Monday to Thursday. You will receive a registration confirmation email within three working days of submitting your form. Please check your spam folder if you do not receive our confirmation email within this time frame.\u00a0<\/p><p>For any questions or requests, please write to <a href=\"mailto:laboratoire.diamex@gmail.com\">laboratoire.diamex@gmail.com<\/a>.<\/p><p>Find all the information about the event on the <a href=\"https:\/\/diamexmastergroomer.com\/en\/services\/\">Upcoming events<\/a> page of our website.<\/p><p>See you soon,\u00a0<\/p><p>DMG Team<\/p>\t\t\t\t\t\t\t\t<\/div>\n\t\t\t\t<\/div>\n\t\t\t\t\t<\/div>\n\t\t\t\t<\/div>\n\t\t\t\t<\/div>","protected":false},"excerpt":{"rendered":"<p>Merci beaucoup pour votre inscription ! Nous avons bien re\u00e7u votre formulaire et nous vous remercions de l&rsquo;int\u00e9r\u00eat que vous portez \u00e0 notre \u00e9v\u00e9nement. Veuillez noter que les inscriptions sont g\u00e9r\u00e9es du lundi au jeudi. Vous recevrez un email de confirmation d&rsquo;inscription dans les 3 jours ouvr\u00e9s suivant l&rsquo;envoi de votre formulaire.\u00a0Pensez \u00e0 v\u00e9rifier vos [&hellip;]<\/p>\n","protected":false},"author":2,"featured_media":2028,"parent":0,"menu_order":0,"comment_status":"closed","ping_status":"closed","template":"","meta":{"footnotes":""},"class_list":["post-6125","page","type-page","status-publish","has-post-thumbnail","hentry"],"blocksy_meta":[],"_links":{"self":[{"href":"https:\/\/diamexmastergroomer.com\/en\/wp-json\/wp\/v2\/pages\/6125","targetHints":{"allow":["GET"]}}],"collection":[{"href":"https:\/\/diamexmastergroomer.com\/en\/wp-json\/wp\/v2\/pages"}],"about":[{"href":"https:\/\/diamexmastergroomer.com\/en\/wp-json\/wp\/v2\/types\/page"}],"author":[{"embeddable":true,"href":"https:\/\/diamexmastergroomer.com\/en\/wp-json\/wp\/v2\/users\/2"}],"replies":[{"embeddable":true,"href":"https:\/\/diamexmastergroomer.com\/en\/wp-json\/wp\/v2\/comments?post=6125"}],"version-history":[{"count":23,"href":"https:\/\/diamexmastergroomer.com\/en\/wp-json\/wp\/v2\/pages\/6125\/revisions"}],"predecessor-version":[{"id":7472,"href":"https:\/\/diamexmastergroomer.com\/en\/wp-json\/wp\/v2\/pages\/6125\/revisions\/7472"}],"wp:featuredmedia":[{"embeddable":true,"href":"https:\/\/diamexmastergroomer.com\/en\/wp-json\/wp\/v2\/media\/2028"}],"wp:attachment":[{"href":"https:\/\/diamexmastergroomer.com\/en\/wp-json\/wp\/v2\/media?parent=6125"}],"curies":[{"name":"wp","href":"https:\/\/api.w.org\/{rel}","templated":true}]}}