{"id":7272,"date":"2025-12-01T12:26:07","date_gmt":"2025-12-01T11:26:07","guid":{"rendered":"https:\/\/diamexmastergroomer.com\/?page_id=7272"},"modified":"2026-02-02T15:44:46","modified_gmt":"2026-02-02T14:44:46","slug":"inscription-seminaires-diamex-master-groomer-2026","status":"publish","type":"page","link":"https:\/\/diamexmastergroomer.com\/en\/inscription-seminaires-diamex-master-groomer-2026\/","title":{"rendered":"Registration Diamex Master Groomer Seminar 2026"},"content":{"rendered":"<style>.elementor-7272 .elementor-element.elementor-element-358fbd5{--display:flex;--gap:0px 0px;--row-gap:0px;--column-gap:0px;--margin-top:0px;--margin-bottom:50px;--margin-left:0px;--margin-right:0px;}.elementor-7272 .elementor-element.elementor-element-ce7fd58{width:100%;max-width:100%;}.elementor-7272 .elementor-element.elementor-element-ce7fd58 img{width:100%;height:300px;object-fit:contain;object-position:center center;}.elementor-7272 .elementor-element.elementor-element-3d671f3{--display:flex;--flex-direction:column;--container-widget-width:100%;--container-widget-height:initial;--container-widget-flex-grow:0;--container-widget-align-self:initial;--flex-wrap-mobile:wrap;}@media(max-width:1024px){.elementor-7272 .elementor-element.elementor-element-358fbd5{--min-height:0px;}.elementor-7272 .elementor-element.elementor-element-ce7fd58 img{height:200px;}}@media(max-width:767px){.elementor-7272 .elementor-element.elementor-element-358fbd5{--min-height:0px;}.elementor-7272 .elementor-element.elementor-element-ce7fd58 img{height:100px;}}<\/style>\t\t<div data-elementor-type=\"wp-page\" data-elementor-id=\"7272\" class=\"elementor elementor-7272\">\n\t\t\t\t<div class=\"elementor-element elementor-element-358fbd5 e-con-full e-flex e-con e-parent\" data-id=\"358fbd5\" data-element_type=\"container\" data-settings=\"{&quot;background_background&quot;:&quot;classic&quot;}\">\n\t\t\t\t<div class=\"elementor-element elementor-element-ce7fd58 elementor-widget__width-inherit elementor-widget elementor-widget-image\" data-id=\"ce7fd58\" data-element_type=\"widget\" data-widget_type=\"image.default\">\n\t\t\t\t<div class=\"elementor-widget-container\">\n\t\t\t\t\t\t\t\t\t\t\t\t\t\t\t<img fetchpriority=\"high\" decoding=\"async\" width=\"2000\" height=\"300\" src=\"https:\/\/diamexmastergroomer.com\/wp-content\/uploads\/2025\/12\/DMG26-Banniere-Inscription.png\" class=\"attachment-full size-full wp-image-7275\" alt=\"\" srcset=\"https:\/\/diamexmastergroomer.com\/wp-content\/uploads\/2025\/12\/DMG26-Banniere-Inscription.png 2000w, https:\/\/diamexmastergroomer.com\/wp-content\/uploads\/2025\/12\/DMG26-Banniere-Inscription-300x45.png 300w, https:\/\/diamexmastergroomer.com\/wp-content\/uploads\/2025\/12\/DMG26-Banniere-Inscription-1024x154.png 1024w, https:\/\/diamexmastergroomer.com\/wp-content\/uploads\/2025\/12\/DMG26-Banniere-Inscription-768x115.png 768w, https:\/\/diamexmastergroomer.com\/wp-content\/uploads\/2025\/12\/DMG26-Banniere-Inscription-1536x230.png 1536w, https:\/\/diamexmastergroomer.com\/wp-content\/uploads\/2025\/12\/DMG26-Banniere-Inscription-18x3.png 18w\" sizes=\"(max-width: 2000px) 100vw, 2000px\" \/>\t\t\t\t\t\t\t\t\t\t\t\t\t\t\t<\/div>\n\t\t\t\t<\/div>\n\t\t\t\t<\/div>\n\t\t<div class=\"elementor-element elementor-element-3d671f3 e-flex e-con-boxed e-con e-parent\" data-id=\"3d671f3\" data-element_type=\"container\">\n\t\t\t\t\t<div class=\"e-con-inner\">\n\t\t\t\t<div class=\"elementor-element elementor-element-f7fd426 elementor-widget elementor-widget-shortcode\" data-id=\"f7fd426\" data-element_type=\"widget\" data-widget_type=\"shortcode.default\">\n\t\t\t\t<div class=\"elementor-widget-container\">\n\t\t\t\t\t\t\t<div class=\"elementor-shortcode\"><div id=\"multi-step-form\" class=\"fw-wizard\" data-stepcount=\"3\" data-wizardid=\"39\">\n    <div class=\"fw-wizard-step-header-container\">\n        <div class=\"fw-container\" data-redirect=\"https:\/\/diamexmastergroomer.com\/confirmation-dmg-seminar\/\">\n                <div class=\"fw-wizard-step-header\" data-stepid=\"0\">\n            <span class=\"msf-h2\">Select the seminar(s) you wish to attend<\/span>\n            <p class=\"fw-copytext\">\u20ac75 per seminar | Participants attending a seminar automatically have access to the event throughout the weekend.<\/p>\n        <\/div>\n                <div class=\"fw-wizard-step-header\" data-stepid=\"1\">\n            <span class=\"msf-h2\">Personal details<\/span>\n            <p class=\"fw-copytext\"><\/p>\n        <\/div>\n                <div class=\"fw-wizard-step-header\" data-stepid=\"2\">\n            <span class=\"msf-h2\">Billing information<\/span>\n            <p class=\"fw-copytext\"><\/p>\n        <\/div>\n                <\/div>\n    <\/div>\n    <div class=\"fw-progress-bar-container\">\n        <div class=\"fw-container\">\n    <div class=\"fw-progress-wrap\">\n    <ul class=\"fw-progress-bar\"\n        data-activecolor=\"#e65616\"\n        data-donecolor=\"#e65616\"\n        data-nextcolor=\"#303030\"\n        data-buttoncolor=\"#e65616\">\n                <li class=\"fw-progress-step\"\n            data-id=\"0\">\n            <span class=\"fw-progress-bar-bar\"><\/span>\n            <span class=\"fw-txt-ellipsis\" data-title=\"S\u00e9minaires\">Seminars<\/span>\n                    <\/li>\n                    <li class=\"fw-progress-step\"\n            data-id=\"1\">\n            <span class=\"fw-progress-bar-bar\"><\/span>\n            <span class=\"fw-txt-ellipsis\" data-title=\"Informations\">Information<\/span>\n                    <\/li>\n                    <li class=\"fw-progress-step\"\n            data-id=\"2\">\n            <span class=\"fw-progress-bar-bar\"><\/span>\n            <span class=\"fw-txt-ellipsis\" data-title=\"Facturation\">Billing<\/span>\n                    <\/li>\n                <\/ul>\n<\/div>\n        <\/div>\n    <\/div>\n    <div class=\"fw-wizard-step-container\">\n        <div class=\"fw-container\">\n                    <div class=\"fw-wizard-step\" data-stepid=\"0\">\n                <div class=\"fw-step-part  fw-plain-layout\" data-partid=\"0\">\n\t<span class=\"fw-step-part-title\">\n\t\t\tSATURDAY, 18 APRIL 2026\t<\/span>\n\t<div class=\"fw-clearfix\"><\/div>\n\t<div class=\"fw-step-part-body\">\n\t\t\t\t\t\t\t\t\t<div class=\"fw-step-block\" data-blockid=\"39\" data-type=\"fw-radio\" data-required=\"false\">\n\t\t\t\t\t\t\t\t<span class=\"msf-h3\">Tick the option(s) you want<\/span>\n\t\t\t\t\t<br>\n\t\t\t\t\t\t\t\t\t\t<div class=\"fw-choice fw-input-container\" data-type=\"fw-checkbox\">\n\t\t\t\t\t\t<input id=\"fw-39-0-0-0-1\" type=\"checkbox\" class=\"fw-checkbox\" name=\"fw-39-0-0-0\" data-id=\"1\">\n\t\t\t\t\t\t<label for=\"fw-39-0-0-0-1\" data-labelid=\"1\">American Cocker commercial clip, by Chiara Piccionetti at 15:00<\/label>\n\t\t\t\t\t<\/div>\n\t\t\t\t\t\t\t\t\t\t<div class=\"fw-choice fw-input-container\" data-type=\"fw-checkbox\">\n\t\t\t\t\t\t<input id=\"fw-39-0-0-0-2\" type=\"checkbox\" class=\"fw-checkbox\" name=\"fw-39-0-0-0\" data-id=\"2\">\n\t\t\t\t\t\t<label for=\"fw-39-0-0-0-2\" data-labelid=\"2\">Please let me know as soon as the other Saturday seminars are published.<\/label>\n\t\t\t\t\t<\/div>\n\t\t\t\t\t\t\t<\/div>\n\t\t\t\t\t\t<\/div>\n<\/div>\n\t\t\t<div class=\"fw-step-part  fw-plain-layout\" data-partid=\"1\">\n\t<span class=\"fw-step-part-title\">\n\t\t\tSUNDAY, 19 APRIL 2026\t<\/span>\n\t<div class=\"fw-clearfix\"><\/div>\n\t<div class=\"fw-step-part-body\">\n\t\t\t\t\t\t\t\t\t<div class=\"fw-step-block\" data-blockid=\"39\" data-type=\"fw-radio\" data-required=\"false\">\n\t\t\t\t\t\t\t\t<span class=\"msf-h3\">Tick the option(s) you want<\/span>\n\t\t\t\t\t<br>\n\t\t\t\t\t\t\t\t\t\t<div class=\"fw-choice fw-input-container\" data-type=\"fw-checkbox\">\n\t\t\t\t\t\t<input id=\"fw-39-0-1-0-1\" type=\"checkbox\" class=\"fw-checkbox\" name=\"fw-39-0-1-0\" data-id=\"1\">\n\t\t\t\t\t\t<label for=\"fw-39-0-1-0-1\" data-labelid=\"1\">How to set the price of your services, by Vincent Pastor at 9:30<\/label>\n\t\t\t\t\t<\/div>\n\t\t\t\t\t\t\t\t\t\t<div class=\"fw-choice fw-input-container\" data-type=\"fw-checkbox\">\n\t\t\t\t\t\t<input id=\"fw-39-0-1-0-2\" type=\"checkbox\" class=\"fw-checkbox\" name=\"fw-39-0-1-0\" data-id=\"2\">\n\t\t\t\t\t\t<label for=\"fw-39-0-1-0-2\" data-labelid=\"2\">Scottish Terrier, by Michail Premtsis at 15:00<\/label>\n\t\t\t\t\t<\/div>\n\t\t\t\t\t\t\t<\/div>\n\t\t\t\t\t\t<\/div>\n<\/div>\n\t\t\t                <div class=\"fw-clearfix\"><\/div>\n            <\/div>\n                        <div class=\"fw-wizard-step\" data-stepid=\"1\">\n                <div class=\"fw-step-part  fw-plain-layout\" data-partid=\"0\">\n\t<span class=\"fw-step-part-title\">\n\t\t\tPERSONAL INFORMATION\t<\/span>\n\t<div class=\"fw-clearfix\"><\/div>\n\t<div class=\"fw-step-part-body\">\n\t\t\t\t\t\t\t\t\t<div class=\"fw-step-block\" data-blockid=\"39\" data-type=\"fw-text\" data-required=\"true\">\n\t\t\t<div class=\"fw-input-container\">\n\t\t\t\t<label for=\"msf-text-pr\u00e9nom\"><span class=\"msf-h3\">First name<\/span><\/label>\n\t\t\t\t<input \n\t\t\t\t\ttype=\"text\" \n\t\t\t\t\tclass=\"fw-text-input\" \n\t\t\t\t\tid=\"msf-text-pr\u00e9nom\"\n\t\t\t\t\tdata-id=\"text\">\n\t\t\t\t<span class=\"fa fa-pencil form-control-feedback\" aria-hidden=\"true\"><\/span>\n\t\t\t<\/div>\n\t\t\t<div class=\"fw-clearfix\"><\/div>\n\t\t<\/div>\n\t\t\t\t\t\t\t\t\t\t\t<div class=\"fw-step-block\" data-blockid=\"39\" data-type=\"fw-text\" data-required=\"true\">\n\t\t\t<div class=\"fw-input-container\">\n\t\t\t\t<label for=\"msf-text-nom\"><span class=\"msf-h3\">Last name<\/span><\/label>\n\t\t\t\t<input \n\t\t\t\t\ttype=\"text\" \n\t\t\t\t\tclass=\"fw-text-input\" \n\t\t\t\t\tid=\"msf-text-nom\"\n\t\t\t\t\tdata-id=\"text\">\n\t\t\t\t<span class=\"fa fa-pencil form-control-feedback\" aria-hidden=\"true\"><\/span>\n\t\t\t<\/div>\n\t\t\t<div class=\"fw-clearfix\"><\/div>\n\t\t<\/div>\n\t\t\t\t\t\t\t\t\t\t\t<div class=\"fw-step-block\" data-blockid=\"39\" data-type=\"fw-text\" data-required=\"true\">\n\t\t\t<div class=\"fw-input-container\">\n\t\t\t\t<label for=\"msf-text-adresse-(rue-et-num\u00e9ro)\"><span class=\"msf-h3\">Address (street name and number)<\/span><\/label>\n\t\t\t\t<input \n\t\t\t\t\ttype=\"text\" \n\t\t\t\t\tclass=\"fw-text-input\" \n\t\t\t\t\tid=\"msf-text-adresse-(rue-et-num\u00e9ro)\"\n\t\t\t\t\tdata-id=\"text\">\n\t\t\t\t<span class=\"fa fa-pencil form-control-feedback\" aria-hidden=\"true\"><\/span>\n\t\t\t<\/div>\n\t\t\t<div class=\"fw-clearfix\"><\/div>\n\t\t<\/div>\n\t\t\t\t\t\t\t\t\t\t\t<div class=\"fw-step-block\" data-blockid=\"39\" data-type=\"fw-text\" data-required=\"true\">\n\t\t\t<div class=\"fw-input-container\">\n\t\t\t\t<label for=\"msf-text-localit\u00e9-(code-postal-et-ville)\"><span class=\"msf-h3\">Location (postcode and city)<\/span><\/label>\n\t\t\t\t<input \n\t\t\t\t\ttype=\"text\" \n\t\t\t\t\tclass=\"fw-text-input\" \n\t\t\t\t\tid=\"msf-text-localit\u00e9-(code-postal-et-ville)\"\n\t\t\t\t\tdata-id=\"text\">\n\t\t\t\t<span class=\"fa fa-pencil form-control-feedback\" aria-hidden=\"true\"><\/span>\n\t\t\t<\/div>\n\t\t\t<div class=\"fw-clearfix\"><\/div>\n\t\t<\/div>\n\t\t\t\t\t\t\t\t\t\t\t<div class=\"fw-step-block\" data-blockid=\"39\" data-type=\"fw-text\" data-required=\"true\">\n\t\t\t<div class=\"fw-input-container\">\n\t\t\t\t<label for=\"msf-text-pays\"><span class=\"msf-h3\">Country<\/span><\/label>\n\t\t\t\t<input \n\t\t\t\t\ttype=\"text\" \n\t\t\t\t\tclass=\"fw-text-input\" \n\t\t\t\t\tid=\"msf-text-pays\"\n\t\t\t\t\tdata-id=\"text\">\n\t\t\t\t<span class=\"fa fa-pencil form-control-feedback\" aria-hidden=\"true\"><\/span>\n\t\t\t<\/div>\n\t\t\t<div class=\"fw-clearfix\"><\/div>\n\t\t<\/div>\n\t\t\t\t\t\t\t\t\t\t\t<div class=\"fw-step-block\" data-blockid=\"39\" data-type=\"fw-text\" data-required=\"true\">\n\t\t\t<div class=\"fw-input-container\">\n\t\t\t\t<label for=\"msf-text-num\u00e9ro-de-t\u00e9l\u00e9phone\"><span class=\"msf-h3\">Phone number<\/span><\/label>\n\t\t\t\t<input \n\t\t\t\t\ttype=\"text\" \n\t\t\t\t\tclass=\"fw-text-input\" \n\t\t\t\t\tid=\"msf-text-num\u00e9ro-de-t\u00e9l\u00e9phone\"\n\t\t\t\t\tdata-id=\"text\">\n\t\t\t\t<span class=\"fa fa-pencil form-control-feedback\" aria-hidden=\"true\"><\/span>\n\t\t\t<\/div>\n\t\t\t<div class=\"fw-clearfix\"><\/div>\n\t\t<\/div>\n\t\t\t\t\t\t\t\t\t\t\t<div class=\"fw-step-block\" data-blockid=\"39\" data-type=\"fw-email\" data-required=\"true\">\n\t\t\t<div class=\"fw-input-container\">\n\t\t\t\t<label for=\"msf-mail-adresse-e-mail\"><span class=\"msf-h3\">Email address<\/span><\/label>\n\t\t\t\t<input type=\"text\" id=\"msf-mail-adresse-e-mail\"  class=\"fw-text-input one\" data-id=\"email\">\n\t\t\t\t<span class=\"fa fa-envelope form-control-feedback\" aria-hidden=\"true\"><\/span>\n\t\t\t<\/div>\n\t\t\t\t\t\t<div class=\"fw-clearfix\"><\/div>\n\t\t<\/div>\n\t  \t\t\t\t\t\t\t\t\t<div class=\"fw-step-block\" data-blockid=\"39\" data-type=\"fw-radio\" data-required=\"true\">\n\t\t\t\t\t\t\t\t<span class=\"msf-h3\">In which language would you like to be contacted?<\/span>\n\t\t\t\t\t<br>\n\t\t\t\t\t\t\t\t\t\t<div class=\"fw-choice fw-input-container\" data-type=\"fw-checkbox\">\n\t\t\t\t\t\t<input id=\"fw-39-1-0-7-1\" type=\"checkbox\" class=\"fw-checkbox\" name=\"fw-39-1-0-7\" data-id=\"1\">\n\t\t\t\t\t\t<label for=\"fw-39-1-0-7-1\" data-labelid=\"1\">English<\/label>\n\t\t\t\t\t<\/div>\n\t\t\t\t\t\t\t\t\t\t<div class=\"fw-choice fw-input-container\" data-type=\"fw-checkbox\">\n\t\t\t\t\t\t<input id=\"fw-39-1-0-7-2\" type=\"checkbox\" class=\"fw-checkbox\" name=\"fw-39-1-0-7\" data-id=\"2\">\n\t\t\t\t\t\t<label for=\"fw-39-1-0-7-2\" data-labelid=\"2\">French<\/label>\n\t\t\t\t\t<\/div>\n\t\t\t\t\t\t\t<\/div>\n\t\t\t\t\t\t<\/div>\n<\/div>\n\t\t\t                <div class=\"fw-clearfix\"><\/div>\n            <\/div>\n                        <div class=\"fw-wizard-step\" data-stepid=\"2\">\n                <div class=\"fw-step-part  fw-plain-layout\" data-partid=\"0\">\n\t<span class=\"fw-step-part-title\">\n\t\t\tBILLING INFORMATION\t<\/span>\n\t<div class=\"fw-clearfix\"><\/div>\n\t<div class=\"fw-step-part-body\">\n\t\t\t\t\t\t\t\t\t<div class=\"fw-step-block\" data-blockid=\"39\" data-type=\"fw-text\" data-required=\"false\">\n\t\t\t<div class=\"fw-input-container\">\n\t\t\t\t<label for=\"msf-text-nom-de-l'entreprise\"><span class=\"msf-h3\">Company name<\/span><\/label>\n\t\t\t\t<input \n\t\t\t\t\ttype=\"text\" \n\t\t\t\t\tclass=\"fw-text-input\" \n\t\t\t\t\tid=\"msf-text-nom-de-l'entreprise\"\n\t\t\t\t\tdata-id=\"text\">\n\t\t\t\t<span class=\"fa fa-pencil form-control-feedback\" aria-hidden=\"true\"><\/span>\n\t\t\t<\/div>\n\t\t\t<div class=\"fw-clearfix\"><\/div>\n\t\t<\/div>\n\t\t\t\t\t\t\t\t\t\t\t<div class=\"fw-step-block\" data-blockid=\"39\" data-type=\"fw-text\" data-required=\"false\">\n\t\t\t<div class=\"fw-input-container\">\n\t\t\t\t<label for=\"msf-text-num\u00e9ro-de-tva-ou-d'entreprise\"><span class=\"msf-h3\">VAT or company number<\/span><\/label>\n\t\t\t\t<input \n\t\t\t\t\ttype=\"text\" \n\t\t\t\t\tclass=\"fw-text-input\" \n\t\t\t\t\tid=\"msf-text-num\u00e9ro-de-tva-ou-d'entreprise\"\n\t\t\t\t\tdata-id=\"text\">\n\t\t\t\t<span class=\"fa fa-pencil form-control-feedback\" aria-hidden=\"true\"><\/span>\n\t\t\t<\/div>\n\t\t\t<div class=\"fw-clearfix\"><\/div>\n\t\t<\/div>\n\t\t\t\t\t\t\t\t\t\t\t<div class=\"fw-step-block\" data-blockid=\"39\" data-type=\"fw-text\" data-required=\"false\">\n\t\t\t<div class=\"fw-input-container\">\n\t\t\t\t<label for=\"msf-text-adresse-compl\u00e8te-(rue,-num\u00e9ro,-code-postal,-ville-et-pays)\"><span class=\"msf-h3\">Full address (street, number, postcode, town and country)<\/span><\/label>\n\t\t\t\t<input \n\t\t\t\t\ttype=\"text\" \n\t\t\t\t\tclass=\"fw-text-input\" \n\t\t\t\t\tid=\"msf-text-adresse-compl\u00e8te-(rue,-num\u00e9ro,-code-postal,-ville-et-pays)\"\n\t\t\t\t\tdata-id=\"text\">\n\t\t\t\t<span class=\"fa fa-pencil form-control-feedback\" aria-hidden=\"true\"><\/span>\n\t\t\t<\/div>\n\t\t\t<div class=\"fw-clearfix\"><\/div>\n\t\t<\/div>\n\t\t\t\t\t\t<\/div>\n<\/div>\n\t\t\t                        <div class=\"fw-summary-container\">\n                            <button type=\"button\" class=\"fw-toggle-summary\">SHOW SUMMARY<\/button>\n                            <div id=\"wizard-summary\" class=\"fw-wizard-summary\" style=\"display:none;\" data-showsummary=\"on\">\n                            <div class=\"fw-summary-alert\">Some required Fields are empty<br>Please check the highlighted fields.<\/div>\n                            <\/div>\n                        <\/div>\n                                            <button type=\"button\" class=\"fw-btn-submit\">Submit<\/button>\n                                <div class=\"fw-clearfix\"><\/div>\n            <\/div>\n                    <\/div>\n    <\/div>\n        <div class=\"fw-wizard-button-container\">\n        <div class=\"fw-container\">\n            <div class=\"fw-wizard-buttons\">\n                <button class=\"fw-button-previous\"><i class=\"fa fa-arrow-circle-left\" aria-hidden=\"true\"><\/i> &nbsp;Previous Step<\/button>\n                <button class=\"fw-button-next\">Next Step &nbsp;<i class=\"fa fa-arrow-circle-right\" aria-hidden=\"true\"><\/i><\/button>\n            <\/div>\n        <\/div>\n    <\/div>\n        <div class=\"fw-alert-user\" style=\"display:none;\"><\/div>\n<\/div>\n<\/div>\n\t\t\t\t\t\t<\/div>\n\t\t\t\t<\/div>\n\t\t\t\t\t<\/div>\n\t\t\t\t<\/div>\n\t\t\t\t<\/div>","protected":false},"excerpt":{"rendered":"","protected":false},"author":2,"featured_media":7392,"parent":0,"menu_order":0,"comment_status":"closed","ping_status":"closed","template":"","meta":{"footnotes":""},"class_list":["post-7272","page","type-page","status-publish","has-post-thumbnail","hentry"],"blocksy_meta":[],"_links":{"self":[{"href":"https:\/\/diamexmastergroomer.com\/en\/wp-json\/wp\/v2\/pages\/7272","targetHints":{"allow":["GET"]}}],"collection":[{"href":"https:\/\/diamexmastergroomer.com\/en\/wp-json\/wp\/v2\/pages"}],"about":[{"href":"https:\/\/diamexmastergroomer.com\/en\/wp-json\/wp\/v2\/types\/page"}],"author":[{"embeddable":true,"href":"https:\/\/diamexmastergroomer.com\/en\/wp-json\/wp\/v2\/users\/2"}],"replies":[{"embeddable":true,"href":"https:\/\/diamexmastergroomer.com\/en\/wp-json\/wp\/v2\/comments?post=7272"}],"version-history":[{"count":11,"href":"https:\/\/diamexmastergroomer.com\/en\/wp-json\/wp\/v2\/pages\/7272\/revisions"}],"predecessor-version":[{"id":7431,"href":"https:\/\/diamexmastergroomer.com\/en\/wp-json\/wp\/v2\/pages\/7272\/revisions\/7431"}],"wp:featuredmedia":[{"embeddable":true,"href":"https:\/\/diamexmastergroomer.com\/en\/wp-json\/wp\/v2\/media\/7392"}],"wp:attachment":[{"href":"https:\/\/diamexmastergroomer.com\/en\/wp-json\/wp\/v2\/media?parent=7272"}],"curies":[{"name":"wp","href":"https:\/\/api.w.org\/{rel}","templated":true}]}}