{"id":7419,"date":"2026-02-02T15:39:10","date_gmt":"2026-02-02T14:39:10","guid":{"rendered":"https:\/\/diamexmastergroomer.com\/?page_id=7419"},"modified":"2026-02-02T16:13:11","modified_gmt":"2026-02-02T15:13:11","slug":"confirmation-dmg-competition","status":"publish","type":"page","link":"https:\/\/diamexmastergroomer.com\/en\/confirmation-dmg-competition\/","title":{"rendered":"Confirmation"},"content":{"rendered":"<style>.elementor-7419 .elementor-element.elementor-element-3d671f3{--display:flex;--flex-direction:column;--container-widget-width:100%;--container-widget-height:initial;--container-widget-flex-grow:0;--container-widget-align-self:initial;--flex-wrap-mobile:wrap;}<\/style>\t\t<div data-elementor-type=\"wp-page\" data-elementor-id=\"7419\" class=\"elementor elementor-7419\">\n\t\t\t\t<div class=\"elementor-element elementor-element-3d671f3 e-flex e-con-boxed e-con e-parent\" data-id=\"3d671f3\" data-element_type=\"container\">\n\t\t\t\t\t<div class=\"e-con-inner\">\n\t\t\t\t<div class=\"elementor-element elementor-element-f1c398f elementor-widget elementor-widget-heading\" data-id=\"f1c398f\" data-element_type=\"widget\" data-widget_type=\"heading.default\">\n\t\t\t\t<div class=\"elementor-widget-container\">\n\t\t\t\t\t<h2 class=\"elementor-heading-title elementor-size-default\">Thank you very much for registering!<\/h2>\t\t\t\t<\/div>\n\t\t\t\t<\/div>\n\t\t\t\t<div class=\"elementor-element elementor-element-0202f30 elementor-widget elementor-widget-text-editor\" data-id=\"0202f30\" data-element_type=\"widget\" data-widget_type=\"text-editor.default\">\n\t\t\t\t<div class=\"elementor-widget-container\">\n\t\t\t\t\t\t\t\t\t<p>We have received your form for the Diamex Master Groomer, which will take place on 18 and 19 April 2026 at the Henriette Brenu Hall, Rue Gilles Magn\u00e9e 123, 4430 Ans, Belgium.\u00a0<\/p><p>Registrations are processed from Monday to Thursday. You will receive a registration confirmation email within three working days of submitting your form. Please check your spam folder if you do not receive our message within this time frame.<\/p><p>We invite you to consult the <a href=\"https:\/\/diamexmastergroomer.com\/wp-content\/uploads\/2025\/12\/DMG26-Rules-and-Conditions.pdf\">Terms and Conditions<\/a> and discover the list of <a href=\"https:\/\/diamexmastergroomer.com\/en\/services\/#03\">seminars<\/a> organised during the event.\u00a0\u00a0<\/p><p>A bathing area will be available free of charge on Saturday 18th and Sunday 19th April from 6am to 2pm.\u00a0<br \/>Address: Rue de la Berwinne 17, 4450 Juprelle, Belgium. Reservations required by <a href=\"mailto:laboratoire.diamex@gmail.com\">email<\/a>.\u00a0<\/p><p>For any questions or requests, please contact us by e-mail at <a href=\"mailto:laboratoire.diamex@gmail.com\">laboratoire.diamex@gmail.com<\/a>.<\/p><p>Find all the information about the event on the <a href=\"https:\/\/diamexmastergroomer.com\/en\/services\/\">Upcoming events<\/a> page of our website.<\/p><p>See you soon,<br \/><br \/>DMG Team<\/p>\t\t\t\t\t\t\t\t<\/div>\n\t\t\t\t<\/div>\n\t\t\t\t\t<\/div>\n\t\t\t\t<\/div>\n\t\t\t\t<\/div>","protected":false},"excerpt":{"rendered":"<p>Merci beaucoup pour votre inscription ! Nous avons bien re\u00e7u votre formulaire pour le Diamex Master Groomer qui se d\u00e9roulera les 18 et 19 avril 2026 \u00e0 la salle Henriette Brenu, Rue Gilles Magn\u00e9e 123, 4430 Ans, Belgique.\u00a0 Les inscriptions sont trait\u00e9es du lundi au jeudi. Vous recevrez un e\u2011mail de confirmation d\u2019inscription dans les [&hellip;]<\/p>\n","protected":false},"author":2,"featured_media":2028,"parent":0,"menu_order":0,"comment_status":"closed","ping_status":"closed","template":"","meta":{"footnotes":""},"class_list":["post-7419","page","type-page","status-publish","has-post-thumbnail","hentry"],"blocksy_meta":[],"_links":{"self":[{"href":"https:\/\/diamexmastergroomer.com\/en\/wp-json\/wp\/v2\/pages\/7419","targetHints":{"allow":["GET"]}}],"collection":[{"href":"https:\/\/diamexmastergroomer.com\/en\/wp-json\/wp\/v2\/pages"}],"about":[{"href":"https:\/\/diamexmastergroomer.com\/en\/wp-json\/wp\/v2\/types\/page"}],"author":[{"embeddable":true,"href":"https:\/\/diamexmastergroomer.com\/en\/wp-json\/wp\/v2\/users\/2"}],"replies":[{"embeddable":true,"href":"https:\/\/diamexmastergroomer.com\/en\/wp-json\/wp\/v2\/comments?post=7419"}],"version-history":[{"count":22,"href":"https:\/\/diamexmastergroomer.com\/en\/wp-json\/wp\/v2\/pages\/7419\/revisions"}],"predecessor-version":[{"id":7475,"href":"https:\/\/diamexmastergroomer.com\/en\/wp-json\/wp\/v2\/pages\/7419\/revisions\/7475"}],"wp:featuredmedia":[{"embeddable":true,"href":"https:\/\/diamexmastergroomer.com\/en\/wp-json\/wp\/v2\/media\/2028"}],"wp:attachment":[{"href":"https:\/\/diamexmastergroomer.com\/en\/wp-json\/wp\/v2\/media?parent=7419"}],"curies":[{"name":"wp","href":"https:\/\/api.w.org\/{rel}","templated":true}]}}