{"id":785,"date":"2022-06-09T16:32:01","date_gmt":"2022-06-09T16:32:01","guid":{"rendered":"https:\/\/demo.creativethemes.com\/elementor\/persona\/?page_id=785"},"modified":"2023-12-14T14:36:33","modified_gmt":"2023-12-14T13:36:33","slug":"contact","status":"publish","type":"page","link":"https:\/\/diamexmastergroomer.com\/en\/contact\/","title":{"rendered":"Contact"},"content":{"rendered":"<style>.elementor-785 .elementor-element.elementor-element-3af31ee{--display:flex;--flex-direction:row;--container-widget-width:initial;--container-widget-height:100%;--container-widget-flex-grow:1;--container-widget-align-self:stretch;--flex-wrap-mobile:wrap;--gap:35px 35px;--row-gap:35px;--column-gap:35px;--margin-top:0px;--margin-bottom:100px;--margin-left:0px;--margin-right:0px;--padding-top:0px;--padding-bottom:0px;--padding-left:0px;--padding-right:0px;}.elementor-785 .elementor-element.elementor-element-23e6bfe8{--display:flex;--flex-direction:column;--container-widget-width:100%;--container-widget-height:initial;--container-widget-flex-grow:0;--container-widget-align-self:initial;--flex-wrap-mobile:wrap;--gap:0px 0px;--row-gap:0px;--column-gap:0px;--background-transition:0.3s;--border-radius:8px 8px 8px 8px;--padding-top:80px;--padding-bottom:80px;--padding-left:70px;--padding-right:70px;}.elementor-785 .elementor-element.elementor-element-23e6bfe8:not(.elementor-motion-effects-element-type-background), .elementor-785 .elementor-element.elementor-element-23e6bfe8 > .elementor-motion-effects-container > .elementor-motion-effects-layer{background-color:var( --e-global-color-blocksy_palette_8 );}.elementor-785 .elementor-element.elementor-element-23e6bfe8:hover{background-color:var( --e-global-color-blocksy_palette_1 );}.elementor-785 .elementor-element.elementor-element-1d17c13a .elementor-icon-box-wrapper{text-align:center;}.elementor-785 .elementor-element.elementor-element-1d17c13a{--icon-box-icon-margin:30px;}.elementor-785 .elementor-element.elementor-element-1d17c13a .elementor-icon-box-title{margin-block-end:20px;}.elementor-785 .elementor-element.elementor-element-1d17c13a.elementor-view-stacked .elementor-icon{background-color:#FFFFFF;}.elementor-785 .elementor-element.elementor-element-1d17c13a.elementor-view-framed .elementor-icon, .elementor-785 .elementor-element.elementor-element-1d17c13a.elementor-view-default .elementor-icon{fill:#FFFFFF;color:#FFFFFF;border-color:#FFFFFF;}.elementor-785 .elementor-element.elementor-element-1d17c13a .elementor-icon{font-size:35px;}.elementor-785 .elementor-element.elementor-element-1d17c13a .elementor-icon-box-title, .elementor-785 .elementor-element.elementor-element-1d17c13a .elementor-icon-box-title a{font-size:20px;font-weight:800;}.elementor-785 .elementor-element.elementor-element-1d17c13a .elementor-icon-box-description{color:#FFFFFF;}.elementor-785 .elementor-element.elementor-element-3d0199d4{--display:flex;--flex-direction:column;--container-widget-width:100%;--container-widget-height:initial;--container-widget-flex-grow:0;--container-widget-align-self:initial;--flex-wrap-mobile:wrap;--gap:0px 0px;--row-gap:0px;--column-gap:0px;--background-transition:0.3s;--border-radius:8px 8px 8px 8px;--padding-top:80px;--padding-bottom:80px;--padding-left:70px;--padding-right:70px;}.elementor-785 .elementor-element.elementor-element-3d0199d4:not(.elementor-motion-effects-element-type-background), .elementor-785 .elementor-element.elementor-element-3d0199d4 > .elementor-motion-effects-container > .elementor-motion-effects-layer{background-color:var( --e-global-color-blocksy_palette_8 );}.elementor-785 .elementor-element.elementor-element-3d0199d4:hover{background-color:var( --e-global-color-blocksy_palette_1 );}.elementor-785 .elementor-element.elementor-element-3ab5ff39 .elementor-icon-box-wrapper{text-align:center;}.elementor-785 .elementor-element.elementor-element-3ab5ff39{--icon-box-icon-margin:30px;}.elementor-785 .elementor-element.elementor-element-3ab5ff39 .elementor-icon-box-title{margin-block-end:20px;}.elementor-785 .elementor-element.elementor-element-3ab5ff39.elementor-view-stacked .elementor-icon{background-color:#FFFFFF;}.elementor-785 .elementor-element.elementor-element-3ab5ff39.elementor-view-framed .elementor-icon, .elementor-785 .elementor-element.elementor-element-3ab5ff39.elementor-view-default .elementor-icon{fill:#FFFFFF;color:#FFFFFF;border-color:#FFFFFF;}.elementor-785 .elementor-element.elementor-element-3ab5ff39 .elementor-icon{font-size:35px;}.elementor-785 .elementor-element.elementor-element-3ab5ff39 .elementor-icon-box-title, .elementor-785 .elementor-element.elementor-element-3ab5ff39 .elementor-icon-box-title a{font-size:20px;font-weight:800;}.elementor-785 .elementor-element.elementor-element-3ab5ff39 .elementor-icon-box-description{color:#FFFFFF;}.elementor-785 .elementor-element.elementor-element-2d050f7d{--display:flex;--flex-direction:column;--container-widget-width:100%;--container-widget-height:initial;--container-widget-flex-grow:0;--container-widget-align-self:initial;--flex-wrap-mobile:wrap;--gap:0px 0px;--row-gap:0px;--column-gap:0px;--background-transition:0.3s;--border-radius:8px 8px 8px 8px;--padding-top:80px;--padding-bottom:80px;--padding-left:70px;--padding-right:70px;}.elementor-785 .elementor-element.elementor-element-2d050f7d:not(.elementor-motion-effects-element-type-background), .elementor-785 .elementor-element.elementor-element-2d050f7d > .elementor-motion-effects-container > .elementor-motion-effects-layer{background-color:var( --e-global-color-blocksy_palette_8 );}.elementor-785 .elementor-element.elementor-element-2d050f7d:hover{background-color:var( --e-global-color-blocksy_palette_1 );}.elementor-785 .elementor-element.elementor-element-18a43565 .elementor-icon-box-wrapper{text-align:center;}.elementor-785 .elementor-element.elementor-element-18a43565{--icon-box-icon-margin:30px;}.elementor-785 .elementor-element.elementor-element-18a43565 .elementor-icon-box-title{margin-block-end:20px;}.elementor-785 .elementor-element.elementor-element-18a43565.elementor-view-stacked .elementor-icon{background-color:#FFFFFF;}.elementor-785 .elementor-element.elementor-element-18a43565.elementor-view-framed .elementor-icon, .elementor-785 .elementor-element.elementor-element-18a43565.elementor-view-default .elementor-icon{fill:#FFFFFF;color:#FFFFFF;border-color:#FFFFFF;}.elementor-785 .elementor-element.elementor-element-18a43565 .elementor-icon{font-size:35px;}.elementor-785 .elementor-element.elementor-element-18a43565 .elementor-icon-box-title, .elementor-785 .elementor-element.elementor-element-18a43565 .elementor-icon-box-title a{font-size:20px;font-weight:800;}.elementor-785 .elementor-element.elementor-element-18a43565 .elementor-icon-box-description{color:#FFFFFF;}.elementor-785 .elementor-element.elementor-element-5de7c9c{--display:flex;--flex-direction:row;--container-widget-width:calc( ( 1 - var( --container-widget-flex-grow ) ) * 100% );--container-widget-height:100%;--container-widget-flex-grow:1;--container-widget-align-self:stretch;--flex-wrap-mobile:wrap;--align-items:center;--gap:50px 50px;--row-gap:50px;--column-gap:50px;}.elementor-785 .elementor-element.elementor-element-3b46e28{width:var( --container-widget-width, 50% );max-width:50%;--container-widget-width:50%;--container-widget-flex-grow:0;}.elementor-785 .elementor-element.elementor-element-90ca26a{--display:flex;--gap:0px 0px;--row-gap:0px;--column-gap:0px;}.elementor-785 .elementor-element.elementor-element-cbca12e > .elementor-widget-container{margin:0px 0px 16px 0px;}.elementor-785 .elementor-element.elementor-element-cbca12e{font-weight:900;text-transform:uppercase;color:var( --e-global-color-blocksy_palette_1 );}.elementor-785 .elementor-element.elementor-element-4e83451 > .elementor-widget-container{margin:0px 0px 30px 0px;}.elementor-785 .elementor-element.elementor-element-4e83451 .elementor-heading-title{font-size:60px;font-weight:800;line-height:1em;}.elementor-785 .elementor-element.elementor-element-c781f44 > .elementor-widget-container{margin:0px 0px 35px 0px;}@media(min-width:768px){.elementor-785 .elementor-element.elementor-element-23e6bfe8{--width:50%;}.elementor-785 .elementor-element.elementor-element-3d0199d4{--width:50%;}.elementor-785 .elementor-element.elementor-element-2d050f7d{--width:50%;}.elementor-785 .elementor-element.elementor-element-90ca26a{--width:50%;}}@media(max-width:1024px){.elementor-785 .elementor-element.elementor-element-3af31ee{--gap:25px 25px;--row-gap:25px;--column-gap:25px;}.elementor-785 .elementor-element.elementor-element-23e6bfe8{--padding-top:30px;--padding-bottom:30px;--padding-left:30px;--padding-right:30px;}.elementor-785 .elementor-element.elementor-element-1d17c13a{--icon-box-icon-margin:30px;}.elementor-785 .elementor-element.elementor-element-1d17c13a .elementor-icon{font-size:25px;}.elementor-785 .elementor-element.elementor-element-3d0199d4{--padding-top:30px;--padding-bottom:30px;--padding-left:30px;--padding-right:30px;}.elementor-785 .elementor-element.elementor-element-3ab5ff39{--icon-box-icon-margin:30px;}.elementor-785 .elementor-element.elementor-element-3ab5ff39 .elementor-icon{font-size:25px;}.elementor-785 .elementor-element.elementor-element-2d050f7d{--padding-top:30px;--padding-bottom:30px;--padding-left:30px;--padding-right:30px;}.elementor-785 .elementor-element.elementor-element-18a43565{--icon-box-icon-margin:30px;}.elementor-785 .elementor-element.elementor-element-18a43565 .elementor-icon{font-size:25px;}.elementor-785 .elementor-element.elementor-element-3b46e28.elementor-element{--align-self:flex-start;}.elementor-785 .elementor-element.elementor-element-4e83451 .elementor-heading-title{font-size:40px;}}@media(max-width:767px){.elementor-785 .elementor-element.elementor-element-3af31ee{--gap:35px 35px;--row-gap:35px;--column-gap:35px;--margin-top:0px;--margin-bottom:20px;--margin-left:0px;--margin-right:0px;}.elementor-785 .elementor-element.elementor-element-23e6bfe8{--align-items:center;--container-widget-width:calc( ( 1 - var( --container-widget-flex-grow ) ) * 100% );--padding-top:40px;--padding-bottom:40px;--padding-left:30px;--padding-right:30px;}.elementor-785 .elementor-element.elementor-element-1d17c13a .elementor-icon-box-wrapper{text-align:center;}.elementor-785 .elementor-element.elementor-element-3d0199d4{--align-items:center;--container-widget-width:calc( ( 1 - var( --container-widget-flex-grow ) ) * 100% );--padding-top:40px;--padding-bottom:40px;--padding-left:30px;--padding-right:30px;}.elementor-785 .elementor-element.elementor-element-3ab5ff39 .elementor-icon-box-wrapper{text-align:center;}.elementor-785 .elementor-element.elementor-element-2d050f7d{--align-items:center;--container-widget-width:calc( ( 1 - var( --container-widget-flex-grow ) ) * 100% );--padding-top:40px;--padding-bottom:40px;--padding-left:30px;--padding-right:30px;}.elementor-785 .elementor-element.elementor-element-18a43565 .elementor-icon-box-wrapper{text-align:center;}.elementor-785 .elementor-element.elementor-element-3b46e28{--container-widget-width:100%;--container-widget-flex-grow:0;width:var( --container-widget-width, 100% );max-width:100%;}.elementor-785 .elementor-element.elementor-element-90ca26a{--align-items:center;--container-widget-width:calc( ( 1 - var( --container-widget-flex-grow ) ) * 100% );}.elementor-785 .elementor-element.elementor-element-4e83451{text-align:center;}.elementor-785 .elementor-element.elementor-element-c781f44{text-align:center;}.elementor-785 .elementor-element.elementor-element-d573f61{width:100%;max-width:100%;}}<\/style>\t\t<div data-elementor-type=\"wp-page\" data-elementor-id=\"785\" class=\"elementor elementor-785\">\n\t\t\t\t<div class=\"elementor-element elementor-element-3af31ee e-flex e-con-boxed e-con e-parent\" data-id=\"3af31ee\" data-element_type=\"container\">\n\t\t\t\t\t<div class=\"e-con-inner\">\n\t\t<div class=\"elementor-element elementor-element-23e6bfe8 e-con-full e-flex e-con e-child\" data-id=\"23e6bfe8\" data-element_type=\"container\" data-settings=\"{&quot;background_background&quot;:&quot;classic&quot;}\">\n\t\t\t\t<div class=\"elementor-element elementor-element-1d17c13a elementor-view-default elementor-position-top elementor-mobile-position-top elementor-invisible elementor-widget elementor-widget-icon-box\" data-id=\"1d17c13a\" data-element_type=\"widget\" data-settings=\"{&quot;_animation&quot;:&quot;fadeInLeft&quot;}\" data-widget_type=\"icon-box.default\">\n\t\t\t\t<div class=\"elementor-widget-container\">\n\t\t\t\t\t\t\t<div class=\"elementor-icon-box-wrapper\">\n\n\t\t\t\t\t\t<div class=\"elementor-icon-box-icon\">\n\t\t\t\t<span  class=\"elementor-icon\">\n\t\t\t\t<i aria-hidden=\"true\" class=\"fas fa-map-marker-alt\"><\/i>\t\t\t\t<\/span>\n\t\t\t<\/div>\n\t\t\t\n\t\t\t\t\t\t<div class=\"elementor-icon-box-content\">\n\n\t\t\t\t\t\t\t\t\t<h3 class=\"elementor-icon-box-title\">\n\t\t\t\t\t\t<span  >\n\t\t\t\t\t\t\tAdresse\t\t\t\t\t\t<\/span>\n\t\t\t\t\t<\/h3>\n\t\t\t\t\n\t\t\t\t\t\t\t\t\t<p class=\"elementor-icon-box-description\">\n\t\t\t\t\t\tRue de la Berwinne, 17<br>\n4450 Juprelle, Belgique\t\t\t\t\t<\/p>\n\t\t\t\t\n\t\t\t<\/div>\n\t\t\t\n\t\t<\/div>\n\t\t\t\t\t\t<\/div>\n\t\t\t\t<\/div>\n\t\t\t\t<\/div>\n\t\t<div class=\"elementor-element elementor-element-3d0199d4 e-con-full e-flex e-con e-child\" data-id=\"3d0199d4\" data-element_type=\"container\" data-settings=\"{&quot;background_background&quot;:&quot;classic&quot;}\">\n\t\t\t\t<div class=\"elementor-element elementor-element-3ab5ff39 elementor-view-default elementor-position-top elementor-mobile-position-top elementor-invisible elementor-widget elementor-widget-icon-box\" data-id=\"3ab5ff39\" data-element_type=\"widget\" data-settings=\"{&quot;_animation&quot;:&quot;fadeInUp&quot;}\" data-widget_type=\"icon-box.default\">\n\t\t\t\t<div class=\"elementor-widget-container\">\n\t\t\t\t\t\t\t<div class=\"elementor-icon-box-wrapper\">\n\n\t\t\t\t\t\t<div class=\"elementor-icon-box-icon\">\n\t\t\t\t<span  class=\"elementor-icon\">\n\t\t\t\t<i aria-hidden=\"true\" class=\"far fa-envelope\"><\/i>\t\t\t\t<\/span>\n\t\t\t<\/div>\n\t\t\t\n\t\t\t\t\t\t<div class=\"elementor-icon-box-content\">\n\n\t\t\t\t\t\t\t\t\t<h3 class=\"elementor-icon-box-title\">\n\t\t\t\t\t\t<span  >\n\t\t\t\t\t\t\tAdresse mail\t\t\t\t\t\t<\/span>\n\t\t\t\t\t<\/h3>\n\t\t\t\t\n\t\t\t\t\t\t\t\t\t<p class=\"elementor-icon-box-description\">\n\t\t\t\t\t\tinfo@laboratoire-diamex.be\t\t\t\t\t<\/p>\n\t\t\t\t\n\t\t\t<\/div>\n\t\t\t\n\t\t<\/div>\n\t\t\t\t\t\t<\/div>\n\t\t\t\t<\/div>\n\t\t\t\t<\/div>\n\t\t<div class=\"elementor-element elementor-element-2d050f7d e-con-full e-flex e-con e-child\" data-id=\"2d050f7d\" data-element_type=\"container\" data-settings=\"{&quot;background_background&quot;:&quot;classic&quot;}\">\n\t\t\t\t<div class=\"elementor-element elementor-element-18a43565 elementor-view-default elementor-position-top elementor-mobile-position-top elementor-invisible elementor-widget elementor-widget-icon-box\" data-id=\"18a43565\" data-element_type=\"widget\" data-settings=\"{&quot;_animation&quot;:&quot;fadeInRight&quot;}\" data-widget_type=\"icon-box.default\">\n\t\t\t\t<div class=\"elementor-widget-container\">\n\t\t\t\t\t\t\t<div class=\"elementor-icon-box-wrapper\">\n\n\t\t\t\t\t\t<div class=\"elementor-icon-box-icon\">\n\t\t\t\t<span  class=\"elementor-icon\">\n\t\t\t\t<i aria-hidden=\"true\" class=\"fas fa-phone-alt\"><\/i>\t\t\t\t<\/span>\n\t\t\t<\/div>\n\t\t\t\n\t\t\t\t\t\t<div class=\"elementor-icon-box-content\">\n\n\t\t\t\t\t\t\t\t\t<h3 class=\"elementor-icon-box-title\">\n\t\t\t\t\t\t<span  >\n\t\t\t\t\t\t\tNum\u00e9ros de t\u00e9l\u00e9phone\t\t\t\t\t\t<\/span>\n\t\t\t\t\t<\/h3>\n\t\t\t\t\n\t\t\t\t\t\t\t\t\t<p class=\"elementor-icon-box-description\">\n\t\t\t\t\t\t+32 4 343 01 56\t\t\t\t\t<\/p>\n\t\t\t\t\n\t\t\t<\/div>\n\t\t\t\n\t\t<\/div>\n\t\t\t\t\t\t<\/div>\n\t\t\t\t<\/div>\n\t\t\t\t<\/div>\n\t\t\t\t\t<\/div>\n\t\t\t\t<\/div>\n\t\t<div class=\"elementor-element elementor-element-5de7c9c e-flex e-con-boxed e-con e-parent\" data-id=\"5de7c9c\" data-element_type=\"container\">\n\t\t\t\t\t<div class=\"e-con-inner\">\n\t\t\t\t<div class=\"elementor-element elementor-element-3b46e28 elementor-widget__width-initial elementor-widget elementor-widget-image\" data-id=\"3b46e28\" data-element_type=\"widget\" data-widget_type=\"image.default\">\n\t\t\t\t<div class=\"elementor-widget-container\">\n\t\t\t\t\t\t\t\t\t\t\t\t\t\t\t<img fetchpriority=\"high\" decoding=\"async\" width=\"1024\" height=\"1024\" src=\"https:\/\/diamexmastergroomer.com\/wp-content\/uploads\/2023\/09\/caniche-opti-1-1024x1024.webp\" class=\"attachment-large size-large wp-image-1879\" alt=\"Diamex Master Groomer\" srcset=\"https:\/\/diamexmastergroomer.com\/wp-content\/uploads\/2023\/09\/caniche-opti-1-1024x1024.webp 1024w, https:\/\/diamexmastergroomer.com\/wp-content\/uploads\/2023\/09\/caniche-opti-1-300x300.webp 300w, https:\/\/diamexmastergroomer.com\/wp-content\/uploads\/2023\/09\/caniche-opti-1-150x150.webp 150w, https:\/\/diamexmastergroomer.com\/wp-content\/uploads\/2023\/09\/caniche-opti-1-768x768.webp 768w, https:\/\/diamexmastergroomer.com\/wp-content\/uploads\/2023\/09\/caniche-opti-1-1536x1536.webp 1536w, https:\/\/diamexmastergroomer.com\/wp-content\/uploads\/2023\/09\/caniche-opti-1.webp 2048w\" sizes=\"(max-width: 1024px) 100vw, 1024px\" \/>\t\t\t\t\t\t\t\t\t\t\t\t\t\t\t<\/div>\n\t\t\t\t<\/div>\n\t\t<div class=\"elementor-element elementor-element-90ca26a e-con-full e-flex e-con e-child\" data-id=\"90ca26a\" data-element_type=\"container\">\n\t\t\t\t<div class=\"elementor-element elementor-element-cbca12e elementor-widget elementor-widget-text-editor\" data-id=\"cbca12e\" data-element_type=\"widget\" data-widget_type=\"text-editor.default\">\n\t\t\t\t<div class=\"elementor-widget-container\">\n\t\t\t\t\t\t\t\t\t<p>Contactez-nous<\/p>\t\t\t\t\t\t\t\t<\/div>\n\t\t\t\t<\/div>\n\t\t\t\t<div class=\"elementor-element elementor-element-4e83451 elementor-widget elementor-widget-heading\" data-id=\"4e83451\" data-element_type=\"widget\" data-widget_type=\"heading.default\">\n\t\t\t\t<div class=\"elementor-widget-container\">\n\t\t\t\t\t<h2 class=\"elementor-heading-title elementor-size-default\">Venez nous parler du projet<\/h2>\t\t\t\t<\/div>\n\t\t\t\t<\/div>\n\t\t\t\t<div class=\"elementor-element elementor-element-c781f44 elementor-widget elementor-widget-text-editor\" data-id=\"c781f44\" data-element_type=\"widget\" data-widget_type=\"text-editor.default\">\n\t\t\t\t<div class=\"elementor-widget-container\">\n\t\t\t\t\t\t\t\t\t<p>N&rsquo;h\u00e9sitez pas \u00e0 nous contacter pour toute question, demande d&rsquo;information ou collaboration. Nous sommes l\u00e0 pour vous aider !<\/p>\t\t\t\t\t\t\t\t<\/div>\n\t\t\t\t<\/div>\n\t\t\t\t<div class=\"elementor-element elementor-element-d573f61 elementor-widget-mobile__width-inherit elementor-widget elementor-widget-wpforms\" data-id=\"d573f61\" data-element_type=\"widget\" data-widget_type=\"wpforms.default\">\n\t\t\t\t<div class=\"elementor-widget-container\">\n\t\t\t\t\t<div class=\"wpforms-container \" id=\"wpforms-11\"><form id=\"wpforms-form-11\" class=\"wpforms-validate wpforms-form\" data-formid=\"11\" method=\"post\" enctype=\"multipart\/form-data\" action=\"\/en\/wp-json\/wp\/v2\/pages\/785\" data-token=\"f7b87bfbe7f8a02c8a41aa386fc33ccb\" data-token-time=\"1778150526\"><noscript class=\"wpforms-error-noscript\">Please enable JavaScript in your browser to complete this form.<\/noscript><div class=\"wpforms-field-container\"><div id=\"wpforms-11-field_0-container\" class=\"wpforms-field wpforms-field-name\" data-field-id=\"0\"><label class=\"wpforms-field-label wpforms-label-hide\" for=\"wpforms-11-field_0\">Nom <span class=\"wpforms-required-label\">*<\/span><\/label><div class=\"wpforms-field-row wpforms-field-large\"><div class=\"wpforms-field-row-block wpforms-first wpforms-one-half\"><input type=\"text\" id=\"wpforms-11-field_0\" class=\"wpforms-field-name-first wpforms-field-required\" name=\"wpforms[fields][0][first]\" placeholder=\"Pr\u00e9nom\" required><label for=\"wpforms-11-field_0\" class=\"wpforms-field-sublabel after wpforms-sublabel-hide\">First<\/label><\/div><div class=\"wpforms-field-row-block wpforms-one-half\"><input type=\"text\" id=\"wpforms-11-field_0-last\" class=\"wpforms-field-name-last wpforms-field-required\" name=\"wpforms[fields][0][last]\" placeholder=\"Nom\" required><label for=\"wpforms-11-field_0-last\" class=\"wpforms-field-sublabel after wpforms-sublabel-hide\">Last<\/label><\/div><\/div><\/div><div id=\"wpforms-11-field_5-container\" class=\"wpforms-field wpforms-field-number\" data-field-id=\"5\"><label class=\"wpforms-field-label wpforms-label-hide\" for=\"wpforms-11-field_5\">T\u00e9l\u00e9phone <span class=\"wpforms-required-label\">*<\/span><\/label><input type=\"number\" id=\"wpforms-11-field_5\" class=\"wpforms-field-large wpforms-field-required\" name=\"wpforms[fields][5]\" placeholder=\"T\u00e9l\u00e9phone\" step=\"any\" required><\/div><div id=\"wpforms-11-field_1-container\" class=\"wpforms-field wpforms-field-email\" data-field-id=\"1\"><label class=\"wpforms-field-label wpforms-label-hide\" for=\"wpforms-11-field_1\">Email <span class=\"wpforms-required-label\">*<\/span><\/label><input type=\"email\" id=\"wpforms-11-field_1\" class=\"wpforms-field-large wpforms-field-required\" name=\"wpforms[fields][1]\" placeholder=\"Mail\" spellcheck=\"false\" required><\/div><div id=\"wpforms-11-field_2-container\" class=\"wpforms-field wpforms-field-textarea\" data-field-id=\"2\"><label class=\"wpforms-field-label wpforms-label-hide\" for=\"wpforms-11-field_2\">Message <span class=\"wpforms-required-label\">*<\/span><\/label><textarea id=\"wpforms-11-field_2\" class=\"wpforms-field-large wpforms-field-required\" name=\"wpforms[fields][2]\" placeholder=\"Votre message...\" required><\/textarea><\/div><\/div><!-- .wpforms-field-container --><div class=\"wpforms-submit-container\" ><input type=\"hidden\" name=\"wpforms[id]\" value=\"11\"><input type=\"hidden\" name=\"page_title\" value=\"\"><input type=\"hidden\" name=\"page_url\" value=\"https:\/\/diamexmastergroomer.com\/en\/wp-json\/wp\/v2\/pages\/785\"><input type=\"hidden\" name=\"url_referer\" value=\"\"><button type=\"submit\" name=\"wpforms[submit]\" id=\"wpforms-submit-11\" class=\"wpforms-submit\" data-alt-text=\"Envoi en cours...\" data-submit-text=\"Soumettre\" aria-live=\"assertive\" value=\"wpforms-submit\">Soumettre<\/button><\/div><\/form><\/div>  <!-- .wpforms-container -->\t\t\t\t<\/div>\n\t\t\t\t<\/div>\n\t\t\t\t<\/div>\n\t\t\t\t\t<\/div>\n\t\t\t\t<\/div>\n\t\t\t\t<\/div>\n\t\t","protected":false},"excerpt":{"rendered":"<p>Adresse Rue de la Berwinne, 17 4450 Juprelle, Belgique Adresse mail info@laboratoire-diamex.be Num\u00e9ros de t\u00e9l\u00e9phone +32 4 343 01 56 Contactez-nous Venez nous parler du projet N&rsquo;h\u00e9sitez pas \u00e0 nous contacter pour toute question, demande d&rsquo;information ou collaboration. Nous sommes l\u00e0 pour vous aider ! Veuillez activer JavaScript dans votre navigateur pour remplir ce formulaire.Nom [&hellip;]<\/p>\n","protected":false},"author":1,"featured_media":0,"parent":0,"menu_order":0,"comment_status":"closed","ping_status":"closed","template":"","meta":{"footnotes":""},"class_list":["post-785","page","type-page","status-publish","hentry"],"blocksy_meta":{"styles_descriptor":{"styles":{"desktop":"","tablet":"","mobile":""},"google_fonts":[],"version":6}},"_links":{"self":[{"href":"https:\/\/diamexmastergroomer.com\/en\/wp-json\/wp\/v2\/pages\/785","targetHints":{"allow":["GET"]}}],"collection":[{"href":"https:\/\/diamexmastergroomer.com\/en\/wp-json\/wp\/v2\/pages"}],"about":[{"href":"https:\/\/diamexmastergroomer.com\/en\/wp-json\/wp\/v2\/types\/page"}],"author":[{"embeddable":true,"href":"https:\/\/diamexmastergroomer.com\/en\/wp-json\/wp\/v2\/users\/1"}],"replies":[{"embeddable":true,"href":"https:\/\/diamexmastergroomer.com\/en\/wp-json\/wp\/v2\/comments?post=785"}],"version-history":[{"count":5,"href":"https:\/\/diamexmastergroomer.com\/en\/wp-json\/wp\/v2\/pages\/785\/revisions"}],"predecessor-version":[{"id":4296,"href":"https:\/\/diamexmastergroomer.com\/en\/wp-json\/wp\/v2\/pages\/785\/revisions\/4296"}],"wp:attachment":[{"href":"https:\/\/diamexmastergroomer.com\/en\/wp-json\/wp\/v2\/media?parent=785"}],"curies":[{"name":"wp","href":"https:\/\/api.w.org\/{rel}","templated":true}]}}